{"id":277,"date":"2021-03-02T14:25:06","date_gmt":"2021-03-02T14:25:06","guid":{"rendered":"https:\/\/korsten-bouw.nl\/?page_id=277"},"modified":"2021-03-03T10:44:14","modified_gmt":"2021-03-03T10:44:14","slug":"about-us","status":"publish","type":"page","link":"https:\/\/korsten-bouw.nl\/?page_id=277","title":{"rendered":"Services"},"content":{"rendered":"<div id=\"wppb-builder-container\" class=\"wppb-builder-container\">                <div  class=\"wppb-row-parent \"  >\n\t\t\t\t\t\n\t\t\t\t\t\t\t\t\t\t\n\t\t\t\t\t\t\t\t\t\t\n\t\t\t\t\t<div class=\"wppb-container  wppb-row-1614715763810  wppb-container-row-default\">\n\t\t\t\t\t\t\t\t\t\t\t\t\t\n                        <div class=\"wppb-row\">\n\t\t\t\t\t\t\t                                    <div  class=\"wppb-column-parent wppb-column-parent-view wppb-col-1614715763811  \"  >\n                                        <div class=\"wppb-column\">\n\t\t\t\t\t\n\t\t\t\t\t\t\t\t\t\t\t\n                                            <div class=\"wppb-builder-addons\">\n\t\t\t\t\t\t\t\t\t\t\t\t<div class='wppb-builder-addon wppb-addon-1614715763812 wppb-wow fadeIn'  data-wow-delay='ms'  data-wow-duration='ms'  data-addon-id='1614715763812'><div class='wppb-addon'><div class=\"wppb-headline-addon\"><div class=\"wppb-headline-content\"><h1 class=\"wppb-addon-title\">Hoe gaan wij te werk?\n<\/h1><\/div><\/div><\/div><\/div><div class='wppb-builder-addon wppb-addon-1614715763813'  data-addon-id='1614715763813'><div class='wppb-addon'><div class=\"wppb-headline-addon\"><div class=\"wppb-headline-content\"><h2 class=\"wppb-addon-title\">Wij ontwerpen jou droomhuis in 6 stappen!<\/h2><\/div><\/div><\/div><\/div>            <div  class=\"wppb-row-parent wppb-inner-row-parent wppb-row-1614715763814 \">\n\t\t\t\n\t\t\t\t\t\t\n\t\t\t\t<div class=\"wppb-container\">\n                    <div class=\"wppb-row\">\n\t\t\t\t\t\t                                <div  class=\"wppb-column-parent wppb-column-parent-view wppb-col-1614715763815  \" >\n                                    <div class=\"wppb-column\">\n                                        <div class=\"wppb-builder-addons\">\n\t\t\t\t\t\t\t\t\t\t\t<div  class='wppb-builder-addon wppb-addon-1614715763817   wppb-wow wppb-animated fadeInRight '  data-wow-delay='ms'  data-wow-duration='3ms'   ><div class='wppb-addon'><div class=\"wppb-feature-box-addon\"><div class=\"wppb-feature-box-content\"><div class=\"feature-icontitle-seven\"><div class=\"feature-title-seven\"><span class=\"wppb-feature-box-number\">1<\/span><h3 class=\"wppb-feature-box-title\"><br>idee\u00ebn<\/h3><\/div><div class=\"wppb-feature-box-intro\">In het eerste gesprek bespreken we samen jou idee\u00ebn en komen wij met een gratis en vrijblijvend advies.\n<\/div><\/div><\/div><\/div><\/div><\/div><div  class='wppb-builder-addon wppb-addon-1618848235016   '   ><div class='wppb-addon'><div class=\"wppb-feature-box-addon\"><div class=\"wppb-feature-box-content\"><div class=\"feature-icontitle-seven\"><div class=\"feature-title-seven\"><span class=\"wppb-feature-box-number\">2<\/span><h3 class=\"wppb-feature-box-title\"><br>SCHETS<\/h3><\/div><div class=\"wppb-feature-box-intro\">\nOp basis van uw wensen en idee\u00ebn maken wij een schets. Waar nodig passen wij deze schets aan.\n<\/div><\/div><\/div><\/div><\/div><\/div>                                        <\/div>\n                                    <\/div>\n                                <\/div>\n\t\t\t\t\t\t\t\t                                <div  class=\"wppb-column-parent wppb-column-parent-view wppb-col-1614715763818  \" >\n                                    <div class=\"wppb-column\">\n                                        <div class=\"wppb-builder-addons\">\n\t\t\t\t\t\t\t\t\t\t\t<div  class='wppb-builder-addon wppb-addon-1614715763819   '   ><div class='wppb-inner_addon'><div class=\"wppb-feature-box-addon\"><div class=\"wppb-feature-box-content\"><div class=\"feature-icontitle-seven\"><div class=\"feature-title-seven\"><span class=\"wppb-feature-box-number\">3<\/span><h3 class=\"wppb-feature-box-title\"><br>Vergunningen<\/h3><\/div><div class=\"wppb-feature-box-intro\">Daarna starten we met het maken van de bouwtekeningen en dienen wij de bouwvergunning in bij de gemeente.<\/div><\/div><\/div><\/div><\/div><\/div><div  class='wppb-builder-addon wppb-addon-1614715763820   '   ><div class='wppb-inner_addon'><div class=\"wppb-feature-box-addon\"><div class=\"wppb-feature-box-content\"><div class=\"feature-icontitle-seven\"><div class=\"feature-title-seven\"><span class=\"wppb-feature-box-number\">4<\/span><h3 class=\"wppb-feature-box-title\"><br>Bouwen<\/h3><\/div><div class=\"wppb-feature-box-intro\">Wanneer de begroting, werkvoorbereiding en calculaties volledig zijn afgerond kan de bouw beginnen.<\/div><\/div><\/div><\/div><\/div><\/div>                                        <\/div>\n                                    <\/div>\n                                <\/div>\n\t\t\t\t\t\t\t\t                                <div  class=\"wppb-column-parent wppb-column-parent-view wppb-col-1614715763821  \" >\n                                    <div class=\"wppb-column\">\n                                        <div class=\"wppb-builder-addons\">\n\t\t\t\t\t\t\t\t\t\t\t<div  class='wppb-builder-addon wppb-addon-1614715763822   '   ><div class='wppb-inner_addon'><div class=\"wppb-feature-box-addon\"><div class=\"wppb-feature-box-content\"><div class=\"feature-icontitle-seven\"><div class=\"feature-title-seven\"><span class=\"wppb-feature-box-number\">5<\/span><h3 class=\"wppb-feature-box-title\"><br>BEGELEIDING<\/h3><\/div><div class=\"wppb-feature-box-intro\">Wij begeleiden je door het hele bouwproces. En zorgen ervoor dat de bouw zorgvuldig en goed verloopt.<\/div><\/div><\/div><\/div><\/div><\/div><div  class='wppb-builder-addon wppb-addon-1614715763823   '   ><div class='wppb-inner_addon'><div class=\"wppb-feature-box-addon\"><div class=\"wppb-feature-box-content\"><div class=\"feature-icontitle-seven\"><div class=\"feature-title-seven\"><span class=\"wppb-feature-box-number\">6&nbsp;<\/span><h3 class=\"wppb-feature-box-title\"><br>Gefeliciteerd!<\/h3><\/div><div class=\"wppb-feature-box-intro\">Tijd om je te felliciteren met een nieuw droomhuis of die mooie ver-(bouw) realisatie, gefeliciteerd!<\/div><\/div><\/div><\/div><\/div><\/div>                                        <\/div>\n                                    <\/div>\n                                <\/div>\n\t\t\t\t\t\t\t\t                    <\/div>\n                <\/div>\n            <\/div>\n\t\t\t                                            <\/div>\n                                        <\/div>\n                                    <\/div>\n\t\t\t\t\t\t\t\t\t                        <\/div>\n\n                    <\/div>\n                <\/div>\n\t\t\t\t                <div  class=\"wppb-row-parent  wppb-row-1616348475894 \"  >\n\t\t\t\t\t\n\t\t\t\t\t\t\t\t\t\t\n\t\t\t\t\t\t\t\t\t\t\n\t\t\t\t\t<div class=\"wppb-container \">\n\t\t\t\t\t\t\t\t\t\t\t\t\t\n                        <div class=\"wppb-row\">\n\t\t\t\t\t\t\t                                    <div  class=\"wppb-column-parent wppb-column-parent-view wppb-col-1616348475895  \"  >\n                                        <div class=\"wppb-column\">\n\t\t\t\t\t\n\t\t\t\t\t\t\t\t\t\t\t\n                                            <div class=\"wppb-builder-addons\">\n\t\t\t\t\t\t\t\t\t\t\t\t                                            <\/div>\n                                        <\/div>\n                                    <\/div>\n\t\t\t\t\t\t\t\t\t                                    <div  class=\"wppb-column-parent wppb-column-parent-view wppb-col-1616348475897  \"  >\n                                        <div class=\"wppb-column\">\n\t\t\t\t\t\n\t\t\t\t\t\t\t\t\t\t\t\n                                            <div class=\"wppb-builder-addons\">\n\t\t\t\t\t\t\t\t\t\t\t\t<div class='wppb-builder-addon wppb-addon-1616348475898'  data-addon-id='1616348475898'><div class='wppb-addon'><div class=\"wppb-addon wppb-button-addon\"><div class=\"wppb-button-addon-content\"><a  href=\"https:\/\/korsten-bouw.nl\/?page_id=279\" target=_self class=\"wppb-btn-addons  wppb-btn-custom wppb-btn-rounded wppb-btn-custom wppb-btn-full-no\">afspraak maken<\/a><\/div><\/div><\/div><\/div>                                            <\/div>\n                                        <\/div>\n                                    <\/div>\n\t\t\t\t\t\t\t\t\t                        <\/div>\n\n                    <\/div>\n                <\/div>\n\t\t\t\t                <div  class=\"wppb-row-parent  wppb-row-1616348475893 \"  >\n\t\t\t\t\t\n\t\t\t\t\t\t\t\t\t\t\n\t\t\t\t\t\t\t\t\t\t\n\t\t\t\t\t<div class=\"wppb-container \">\n\t\t\t\t\t\t\t\t\t\t\t\t\t\n                        <div class=\"wppb-row\">\n\t\t\t\t\t\t\t                                    <div  class=\"wppb-column-parent wppb-column-parent-view wppb-col-1616348475892  \"  >\n                                        <div class=\"wppb-column\">\n\t\t\t\t\t\n\t\t\t\t\t\t\t\t\t\t\t\n                                            <div class=\"wppb-builder-addons\">\n\t\t\t\t\t\t\t\t\t\t\t\t                                            <\/div>\n                                        <\/div>\n                                    <\/div>\n\t\t\t\t\t\t\t\t\t                        <\/div>\n\n                    <\/div>\n                <\/div>\n\t\t\t\t<\/div>","protected":false},"excerpt":{"rendered":"<p>Hoe gaan wij te werk? Wij ontwerpen jou droomhuis in 6 stappen! 1 idee\u00ebn In het eerste gesprek bespreken we samen jou idee\u00ebn en komen wij met een gratis en vrijblijvend advies. 2 SCHETS Op basis van uw wensen en idee\u00ebn maken wij een schets. Waar nodig passen wij deze schets aan. 3 Vergunningen Daarna [&hellip;]<\/p>\n","protected":false},"author":1,"featured_media":0,"parent":0,"menu_order":0,"comment_status":"closed","ping_status":"closed","template":"","meta":{"footnotes":""},"class_list":["post-277","page","type-page","status-publish","hentry"],"_links":{"self":[{"href":"https:\/\/korsten-bouw.nl\/index.php?rest_route=\/wp\/v2\/pages\/277","targetHints":{"allow":["GET"]}}],"collection":[{"href":"https:\/\/korsten-bouw.nl\/index.php?rest_route=\/wp\/v2\/pages"}],"about":[{"href":"https:\/\/korsten-bouw.nl\/index.php?rest_route=\/wp\/v2\/types\/page"}],"author":[{"embeddable":true,"href":"https:\/\/korsten-bouw.nl\/index.php?rest_route=\/wp\/v2\/users\/1"}],"replies":[{"embeddable":true,"href":"https:\/\/korsten-bouw.nl\/index.php?rest_route=%2Fwp%2Fv2%2Fcomments&post=277"}],"version-history":[{"count":3,"href":"https:\/\/korsten-bouw.nl\/index.php?rest_route=\/wp\/v2\/pages\/277\/revisions"}],"predecessor-version":[{"id":444,"href":"https:\/\/korsten-bouw.nl\/index.php?rest_route=\/wp\/v2\/pages\/277\/revisions\/444"}],"wp:attachment":[{"href":"https:\/\/korsten-bouw.nl\/index.php?rest_route=%2Fwp%2Fv2%2Fmedia&parent=277"}],"curies":[{"name":"wp","href":"https:\/\/api.w.org\/{rel}","templated":true}]}}