{"id":573,"date":"2021-03-09T19:31:05","date_gmt":"2021-03-09T19:31:05","guid":{"rendered":"https:\/\/korsten-bouw.nl\/?page_id=573"},"modified":"2021-03-09T19:31:07","modified_gmt":"2021-03-09T19:31:07","slug":"over-ons","status":"publish","type":"page","link":"https:\/\/korsten-bouw.nl\/?page_id=573","title":{"rendered":"Over ons"},"content":{"rendered":"<div id=\"wppb-builder-container\" class=\"wppb-builder-container\">                <div  class=\"wppb-row-parent  wppb-row-1615543417336 \"  >\n\t\t\t\t\t\n\t\t\t\t\t\t\t\t\t\t\n\t\t\t\t\t\t\t\t\t\t\n\t\t\t\t\t<div class=\"wppb-container \">\n\t\t\t\t\t\t\t\t\t\t\t\t\t\n                        <div class=\"wppb-row\">\n\t\t\t\t\t\t\t                                    <div  class=\"wppb-column-parent wppb-column-parent-view wppb-col-1615543417335  \"  >\n                                        <div class=\"wppb-column\">\n\t\t\t\t\t\n\t\t\t\t\t\t\t\t\t\t\t\n                                            <div class=\"wppb-builder-addons\">\n\t\t\t\t\t\t\t\t\t\t\t\t<div class='wppb-builder-addon wppb-addon-1615575432613'  data-addon-id='1615575432613'><div class='wppb-addon'><div class=\"wppb-person-addon\"><div class=\"wppb-person-addon-content person-layout-one\"><div class=\"wppb-person-image\"><img decoding=\"async\" class=\"wppb-person-addon-img\" src=\"https:\/\/korsten-bouw.nl\/wp-content\/uploads\/2021\/05\/leo3.jpg\" alt=\"Leo Korsten\"><\/div><div class=\"wppb-person-information\"><span class=\"wppb-person-name\">Leo Korsten<\/span><span class=\"wppb-person-designation\">Directeur<\/span><div class=\"wppb-person-introtext\">\n<\/div><\/div><\/div><\/div><\/div><\/div>                                            <\/div>\n                                        <\/div>\n                                    <\/div>\n\t\t\t\t\t\t\t\t\t                                    <div  class=\"wppb-column-parent wppb-column-parent-view wppb-col-1615543417334  \"  >\n                                        <div class=\"wppb-column\">\n\t\t\t\t\t\n\t\t\t\t\t\t\t\t\t\t\t\n                                            <div class=\"wppb-builder-addons\">\n\t\t\t\t\t\t\t\t\t\t\t\t            <div  class=\"wppb-row-parent wppb-inner-row-parent wppb-row-1615543417385 \">\n\t\t\t\n\t\t\t\t\t\t\n\t\t\t\t<div class=\"wppb-container\">\n                    <div class=\"wppb-row\">\n\t\t\t\t\t\t                                <div  class=\"wppb-column-parent wppb-column-parent-view wppb-col-1615543417386  \" >\n                                    <div class=\"wppb-column\">\n                                        <div class=\"wppb-builder-addons\">\n\t\t\t\t\t\t\t\t\t\t\t<div  class='wppb-builder-addon wppb-addon-1615552691311   '   ><div class='wppb-inner_addon'><div class=\"wppb-text-block-addon\"><div class=\"wppb-text-block-content 0\"><h4 style=\"color: #c9002b; text-align: left;\">Wie zijn wij en wat doen wij?<\/h4>\n<p style=\"text-align: left;\"><strong>Door onze ruime ervaring van meer dan 25 jaar in nieuw- en verbouw van woningen zijn wij uitgegroeid tot een ervaren organisatie met kennis van zaken. <\/strong><\/p>\n<p style=\"text-align: left;\"><span style=\"font-weight: 400;\">Wij zijn een bedrijf dat met visie, creativiteit, ambitie en veel enthousiasme ons vak uitoefent. Door goed te luisteren zijn wij na \u00e9\u00e9n gesprek in staat uw idee\u00ebn uit te werken tot een realistisch plan dat voldoet aan uw wensen en past binnen uw budget. Door onze grote betrokkenheid, enthousiasme, korte lijnen en een vast aanspreekpunt denken wij u optimaal van dienst te kunnen zijn tijdens het gehele bouwproces.\u00a0 <\/span><\/p><\/div><\/div><\/div><\/div>                                        <\/div>\n                                    <\/div>\n                                <\/div>\n\t\t\t\t\t\t\t\t                    <\/div>\n                <\/div>\n            <\/div>\n\t\t\t                                            <\/div>\n                                        <\/div>\n                                    <\/div>\n\t\t\t\t\t\t\t\t\t                        <\/div>\n\n                    <\/div>\n                <\/div>\n\t\t\t\t                <div  class=\"wppb-row-parent  wppb-row-1620213931663 \"  >\n\t\t\t\t\t\n\t\t\t\t\t\t\t\t\t\t\n\t\t\t\t\t\t\t\t\t\t\n\t\t\t\t\t<div class=\"wppb-container \">\n\t\t\t\t\t\t\t\t\t\t\t\t\t\n                        <div class=\"wppb-row\">\n\t\t\t\t\t\t\t                                    <div  class=\"wppb-column-parent wppb-column-parent-view wppb-col-1620213931661  \"  >\n                                        <div class=\"wppb-column\">\n\t\t\t\t\t\n\t\t\t\t\t\t\t\t\t\t\t\n                                            <div class=\"wppb-builder-addons\">\n\t\t\t\t\t\t\t\t\t\t\t\t<div class='wppb-builder-addon wppb-addon-1620215722705'  data-addon-id='1620215722705'><div class='wppb-addon'><div class=\"wppb-text-block-addon\"><div class=\"wppb-text-block-content 0\"><h4 style=\"color: #c9002b; text-align: left;\">Nieuw- of verbouwplannen?<\/h4>\n<p style=\"text-align: left;\"><span style=\"font-weight: 400;\">Denkt u na over een nieuwbouw woning dan willen wij graag met u, uw droomhuis realiseren. Voor een verbouwing of uitbreiding van uw woning kunt u ook bij ons terecht. Wij zijn in staat om in korte tijd idee\u00ebn te vertalen in een aantrekkelijk ontwerp dat is afgestemd op uw wensen en budget. <\/span><span style=\"font-weight: 400;\"><br \/><\/span><span style=\"font-weight: 400;\">Heeft u belangstelling voor een woning op maat neem dan vrijblijvend contact met ons op.<\/span><span style=\"font-weight: 400;\"> Tijdens een<\/span> <span style=\"font-weight: 400;\">eerste kennismakingsgesprek brengen wij u graag op de hoogte van alle mogelijkheden. <\/span><span style=\"font-weight: 400;\">\u00a0<\/span><\/p><\/div><\/div><\/div><\/div>                                            <\/div>\n                                        <\/div>\n                                    <\/div>\n\t\t\t\t\t\t\t\t\t                                    <div  class=\"wppb-column-parent wppb-column-parent-view wppb-col-1620213931662  \"  >\n                                        <div class=\"wppb-column\">\n\t\t\t\t\t\n\t\t\t\t\t\t\t\t\t\t\t\n                                            <div class=\"wppb-builder-addons\">\n\t\t\t\t\t\t\t\t\t\t\t\t<div class='wppb-builder-addon wppb-addon-1620215818790'  data-addon-id='1620215818790'><div class='wppb-addon'><div class=\"wppb-text-block-addon\"><div class=\"wppb-text-block-content 0\"><h4 style=\"color: #c9002b; text-align: left;\">Hout Skelet Bouw (HSB)<\/h4>\n<p style=\"text-align: left;\">Wanneer gekozen wordt voor een duurzame houtskeletbouwwoning dan kunnen wij dit met vaste partners van A tot Z begeleiden van eerste schets tot en met de oplevering. Uw woning wordt dan onder ideale omstandigheden geprefabriceerd. Uw woning kan dan in twee dagen op de bouwplaats worden opgebouwd. Door een korte afbouwtijd van een aantal weken kunt u snel genieten van uw prachtige nieuwe woning.\u00a0<\/p><\/div><\/div><\/div><\/div>                                            <\/div>\n                                        <\/div>\n                                    <\/div>\n\t\t\t\t\t\t\t\t\t                        <\/div>\n\n                    <\/div>\n                <\/div>\n\t\t\t\t                <div  class=\"wppb-row-parent  wppb-row-1615318441415 \"  >\n\t\t\t\t\t\n\t\t\t\t\t\t\t\t\t\t\n\t\t\t\t\t\t\t\t\t\t\n\t\t\t\t\t<div class=\"wppb-container \">\n\t\t\t\t\t\t\t\t\t\t\t\t\t\n                        <div class=\"wppb-row\">\n\t\t\t\t\t\t\t                                    <div  class=\"wppb-column-parent wppb-column-parent-view wppb-col-1615318441413  \"  >\n                                        <div class=\"wppb-column\">\n\t\t\t\t\t\n\t\t\t\t\t\t\t\t\t\t\t\n                                            <div class=\"wppb-builder-addons\">\n\t\t\t\t\t\t\t\t\t\t\t\t<div class='wppb-builder-addon wppb-addon-1615319056404'  data-addon-id='1615319056404'><div class='wppb-addon'><div class=\"wppb-text-block-addon\"><\/div><\/div><\/div>                                            <\/div>\n                                        <\/div>\n                                    <\/div>\n\t\t\t\t\t\t\t\t\t                                    <div  class=\"wppb-column-parent wppb-column-parent-view wppb-col-1615318441414  \"  >\n                                        <div class=\"wppb-column\">\n\t\t\t\t\t\n\t\t\t\t\t\t\t\t\t\t\t\n                                            <div class=\"wppb-builder-addons\">\n\t\t\t\t\t\t\t\t\t\t\t\t<div class='wppb-builder-addon wppb-addon-1615319100620'  data-addon-id='1615319100620'><div class='wppb-addon'><div class=\"wppb-text-block-addon\"><\/div><\/div><\/div>                                            <\/div>\n                                        <\/div>\n                                    <\/div>\n\t\t\t\t\t\t\t\t\t                        <\/div>\n\n                    <\/div>\n                <\/div>\n\t\t\t\t                <div  class=\"wppb-row-parent  wppb-row-1618942650318 \"  >\n\t\t\t\t\t\n\t\t\t\t\t\t\t\t\t\t\n\t\t\t\t\t\t\t\t\t\t\n\t\t\t\t\t<div class=\"wppb-container \">\n\t\t\t\t\t\t\t\t\t\t\t\t\t\n                        <div class=\"wppb-row\">\n\t\t\t\t\t\t\t                                    <div  class=\"wppb-column-parent wppb-column-parent-view wppb-col-1618942650317  \"  >\n                                        <div class=\"wppb-column\">\n\t\t\t\t\t\n\t\t\t\t\t\t\t\t\t\t\t\n                                            <div class=\"wppb-builder-addons\">\n\t\t\t\t\t\t\t\t\t\t\t\t                                            <\/div>\n                                        <\/div>\n                                    <\/div>\n\t\t\t\t\t\t\t\t\t                        <\/div>\n\n                    <\/div>\n                <\/div>\n\t\t\t\t                <div  class=\"wppb-row-parent  wppb-row-1616347424898 \"  >\n\t\t\t\t\t\n\t\t\t\t\t\t\t\t\t\t\n\t\t\t\t\t\t\t\t\t\t\n\t\t\t\t\t<div class=\"wppb-container \">\n\t\t\t\t\t\t\t\t\t\t\t\t\t\n                        <div class=\"wppb-row\">\n\t\t\t\t\t\t\t                                    <div  class=\"wppb-column-parent wppb-column-parent-view wppb-col-1616347424899  \"  >\n                                        <div class=\"wppb-column\">\n\t\t\t\t\t\n\t\t\t\t\t\t\t\t\t\t\t\n                                            <div class=\"wppb-builder-addons\">\n\t\t\t\t\t\t\t\t\t\t\t\t<div class='wppb-builder-addon wppb-addon-1616347424900'  data-addon-id='1616347424900'><div class='wppb-addon'><div class=\"wppb-headline-addon\"><div class=\"wppb-headline-content\"><h3 class=\"wppb-addon-title\">Klaar om te beginnen?<\/h3><\/div><\/div><\/div><\/div><div class='wppb-builder-addon wppb-addon-1616347424901'  data-addon-id='1616347424901'><div class='wppb-addon'><div class=\"wppb-text-block-addon\"><\/div><\/div><\/div><div class='wppb-builder-addon wppb-addon-1616347424902'  data-addon-id='1616347424902'><div class='wppb-addon'><div class=\"wppb-addon wppb-button-addon\"><div class=\"wppb-button-addon-content\"><a  href=\"https:\/\/korsten-bouw.nl\/?page_id=279\" target=_self class=\"wppb-btn-addons  wppb-btn-danger wppb-btn-rounded wppb-btn-custom wppb-btn-full-no\">Maak een aspraak<\/a><\/div><\/div><\/div><\/div>                                            <\/div>\n                                        <\/div>\n                                    <\/div>\n\t\t\t\t\t\t\t\t\t                        <\/div>\n\n                    <\/div>\n                <\/div>\n\t\t\t\t                <div  class=\"wppb-row-parent \"  >\n\t\t\t\t\t\n\t\t\t\t\t\t\t\t\t\t\n\t\t\t\t\t\t\t\t\t\t\n\t\t\t\t\t<div class=\"wppb-container  wppb-row-1615407805443  wppb-container-row-default\">\n\t\t\t\t\t\t\t\t\t\t\t\t\t\n                        <div class=\"wppb-row\">\n\t\t\t\t\t\t\t                                    <div  class=\"wppb-column-parent wppb-column-parent-view wppb-col-1615407805444  \"  >\n                                        <div class=\"wppb-column\">\n\t\t\t\t\t\n\t\t\t\t\t\t\t\t\t\t\t\n                                            <div class=\"wppb-builder-addons\">\n\t\t\t\t\t\t\t\t\t\t\t\t<div class='wppb-builder-addon wppb-addon-1615407805445'  data-addon-id='1615407805445'><div class='wppb-addon'><div class=\"wppb-feature-box-addon\"><div class=\"wppb-feature-box-content\"><div class=\"wppb-feature-box-icon\"><i class=\"wppb-font-phone-call\"><\/i><\/div><h4 class=\"wppb-feature-box-title\">Telefoon<\/h4><h4 class=\"wppb-feature-box-subtitle\">06 5728 0435<\/h4><\/div><\/div><\/div><\/div>                                            <\/div>\n                                        <\/div>\n                                    <\/div>\n\t\t\t\t\t\t\t\t\t                                    <div  class=\"wppb-column-parent wppb-column-parent-view wppb-col-1615407805446  \"  >\n                                        <div class=\"wppb-column\">\n\t\t\t\t\t\n\t\t\t\t\t\t\t\t\t\t\t\n                                            <div class=\"wppb-builder-addons\">\n\t\t\t\t\t\t\t\t\t\t\t\t<div class='wppb-builder-addon wppb-addon-1615407805447'  data-addon-id='1615407805447'><div class='wppb-addon'><div class=\"wppb-feature-box-addon\"><div class=\"wppb-feature-box-content\"><div class=\"wppb-feature-box-icon\"><i class=\"wppb-font-envelop-open\"><\/i><\/div><h4 class=\"wppb-feature-box-title\">e-mail<\/h4><h4 class=\"wppb-feature-box-subtitle\">info@korsten-bouw.nl<\/h4><\/div><\/div><\/div><\/div>                                            <\/div>\n                                        <\/div>\n                                    <\/div>\n\t\t\t\t\t\t\t\t\t                                    <div  class=\"wppb-column-parent wppb-column-parent-view wppb-col-1615407805448  \"  >\n                                        <div class=\"wppb-column\">\n\t\t\t\t\t\n\t\t\t\t\t\t\t\t\t\t\t\n                                            <div class=\"wppb-builder-addons\">\n\t\t\t\t\t\t\t\t\t\t\t\t<div class='wppb-builder-addon wppb-addon-1615407805449'  data-addon-id='1615407805449'><div class='wppb-addon'><div class=\"wppb-feature-box-addon\"><div class=\"wppb-feature-box-content\"><div class=\"wppb-feature-box-icon\"><i class=\"wppb-font-location-map\"><\/i><\/div><h4 class=\"wppb-feature-box-title\">Adres<\/h4><h4 class=\"wppb-feature-box-subtitle\">Blitsaerderleane 26, 8927  Leeuwarden<\/h4><\/div><\/div><\/div><\/div>                                            <\/div>\n                                        <\/div>\n                                    <\/div>\n\t\t\t\t\t\t\t\t\t                        <\/div>\n\n                    <\/div>\n                <\/div>\n\t\t\t\t<\/div>","protected":false},"excerpt":{"rendered":"<p>Leo KorstenDirecteur Wie zijn wij en wat doen wij? Door onze ruime ervaring van meer dan 25 jaar in nieuw- en verbouw van woningen zijn wij uitgegroeid tot een ervaren organisatie met kennis van zaken. Wij zijn een bedrijf dat met visie, creativiteit, ambitie en veel enthousiasme ons vak uitoefent. Door goed te luisteren zijn [&hellip;]<\/p>\n","protected":false},"author":1,"featured_media":0,"parent":0,"menu_order":0,"comment_status":"closed","ping_status":"closed","template":"","meta":{"footnotes":""},"class_list":["post-573","page","type-page","status-publish","hentry"],"_links":{"self":[{"href":"https:\/\/korsten-bouw.nl\/index.php?rest_route=\/wp\/v2\/pages\/573","targetHints":{"allow":["GET"]}}],"collection":[{"href":"https:\/\/korsten-bouw.nl\/index.php?rest_route=\/wp\/v2\/pages"}],"about":[{"href":"https:\/\/korsten-bouw.nl\/index.php?rest_route=\/wp\/v2\/types\/page"}],"author":[{"embeddable":true,"href":"https:\/\/korsten-bouw.nl\/index.php?rest_route=\/wp\/v2\/users\/1"}],"replies":[{"embeddable":true,"href":"https:\/\/korsten-bouw.nl\/index.php?rest_route=%2Fwp%2Fv2%2Fcomments&post=573"}],"version-history":[{"count":1,"href":"https:\/\/korsten-bouw.nl\/index.php?rest_route=\/wp\/v2\/pages\/573\/revisions"}],"predecessor-version":[{"id":574,"href":"https:\/\/korsten-bouw.nl\/index.php?rest_route=\/wp\/v2\/pages\/573\/revisions\/574"}],"wp:attachment":[{"href":"https:\/\/korsten-bouw.nl\/index.php?rest_route=%2Fwp%2Fv2%2Fmedia&parent=573"}],"curies":[{"name":"wp","href":"https:\/\/api.w.org\/{rel}","templated":true}]}}